{"id":4468,"date":"2023-11-04T05:45:57","date_gmt":"2023-11-04T04:45:57","guid":{"rendered":"https:\/\/maitrisecathedraletoulouse.org\/home\/"},"modified":"2025-04-23T15:01:56","modified_gmt":"2025-04-23T13:01:56","slug":"home","status":"publish","type":"page","link":"https:\/\/maitrisecathedraletoulouse.org\/en\/","title":{"rendered":"Home"},"content":{"rendered":"\t\t<div data-elementor-type=\"wp-page\" data-elementor-id=\"4468\" class=\"elementor elementor-4468 elementor-15\" data-elementor-post-type=\"page\">\n\t\t\t\t\t\t<section class=\"elementor-section elementor-top-section elementor-element elementor-element-c4d6b35 elementor-section-full_width elementor-section-stretched elementor-section-height-default elementor-section-height-default\" data-id=\"c4d6b35\" data-element_type=\"section\" data-e-type=\"section\" data-settings=\"{&quot;stretch_section&quot;:&quot;section-stretched&quot;}\">\n\t\t\t\t\t\t<div class=\"elementor-container elementor-column-gap-default\">\n\t\t\t\t\t<div class=\"elementor-column elementor-col-100 elementor-top-column elementor-element elementor-element-ae7ede8\" data-id=\"ae7ede8\" data-element_type=\"column\" data-e-type=\"column\">\n\t\t\t<div class=\"elementor-widget-wrap elementor-element-populated\">\n\t\t\t\t\t\t<div class=\"elementor-element elementor-element-9499283 elementor-widget elementor-widget-wb-news-ticker\" data-id=\"9499283\" data-element_type=\"widget\" data-e-type=\"widget\" data-widget_type=\"wb-news-ticker.default\">\n\t\t\t\t<div class=\"elementor-widget-container\">\n\t\t\t\t\t<div data-template-style=\"default\" class=\"wbel-nt-wrapper\">\t<div class=\"wb-breaking-news-ticker-wrapper\">\r\n\t\t<div\r\n\t\t\tdata-scrollspeed='2'\r\n\t\t\tdata-delayspeed='4000'\r\n\t\t\tdata-pause_on_hover='yes'\r\n\t\t\tdata-autoplay='yes'\r\n\t\t\tdata-direction='ltr'\r\n\t\t\tclass=\"wb-breaking-news-ticker breaking-news-ticker\"\r\n\t\t\tid=\"wb_news_ticker9499283\"\r\n\t\t>\r\n\t\t\t\t\t\t<div class=\"wbnt-el-container bn-news\">\r\n\r\n\t\t\t\t<ul class=\"wbnt-news-ticker-list\">\r\n\t\t\t\t\t\t\t\t\t\t\r\n\t\t\t\t\t\t\t\t\t<\/ul>\r\n\t\t\t<\/div>\r\n\t\t\t\t<\/div>\r\n\t<\/div><\/div>\t\t\t\t<\/div>\n\t\t\t\t<\/div>\n\t\t\t\t\t<\/div>\n\t\t<\/div>\n\t\t\t\t\t<\/div>\n\t\t<\/section>\n\t\t\t\t<div class=\"elementor-section elementor-top-section elementor-element elementor-element-3260d4b elementor-section-stretched elementor-section-boxed elementor-section-height-default elementor-section-height-default\" data-id=\"3260d4b\" data-element_type=\"section\" data-e-type=\"section\" data-settings=\"{&quot;stretch_section&quot;:&quot;section-stretched&quot;,&quot;background_background&quot;:&quot;classic&quot;}\">\n\t\t\t\t\t\t<div class=\"elementor-container elementor-column-gap-default\">\n\t\t\t\t\t<div class=\"elementor-column elementor-col-100 elementor-top-column elementor-element elementor-element-820653f\" data-id=\"820653f\" data-element_type=\"column\" data-e-type=\"column\">\n\t\t\t<div class=\"elementor-widget-wrap elementor-element-populated\">\n\t\t\t\t\t\t<div class=\"elementor-element elementor-element-0ed673d elementor-widget elementor-widget-slider_revolution\" data-id=\"0ed673d\" data-element_type=\"widget\" data-e-type=\"widget\" data-widget_type=\"slider_revolution.default\">\n\t\t\t\t<div class=\"elementor-widget-container\">\n\t\t\t\t\t\n\t\t<div class=\"wp-block-themepunch-revslider\">\n\t\t\t\t<p class=\"rs-p-wp-fix\"><\/p>\n\t\t\t\t<sr7-module data-alias=\"muout-slider\" data-id=\"1\" id=\"SR7_1_1\" class=\"rs-ov-hidden\" data-version=\"6.7.52\">\n\t\t\t\t\t<sr7-adjuster><\/sr7-adjuster>\n\t\t\t\t\t<sr7-content>\n\t\t\t\t\t\t<sr7-slide id=\"SR7_1_1-5\" data-key=\"5\">\n\t\t\t\t\t\t\t<sr7-bg id=\"SR7_1_1-5-2\" class=\"sr7-layer\"><noscript><img decoding=\"async\" src=\"https:\/\/maitrisecathedraletoulouse.org\/wp-content\/uploads\/2026\/01\/20260118_111151-scaled.jpg\" alt=\"\" title=\"20260118_111151\"><\/noscript><\/sr7-bg>\n\t\t\t\t\t\t\t<sr7-txt id=\"SR7_1_1-5-0\" class=\"sr7-layer\">Les Petits Chanteurs de la Ma\u00eetrise de la<br \/>\nCath\u00e9drale Saint-\u00c9tienne vous invitent \u00e0...<\/sr7-txt>\n\t\t\t\t\t\t\t<sr7-txt id=\"SR7_1_1-5-1\" class=\"sr7-layer\">Chanter avec eux\u00a0!<\/sr7-txt>\n\t\t\t\t\t\t<\/sr7-slide>\n\t\t\t\t\t\t<sr7-slide id=\"SR7_1_1-4\" data-key=\"4\">\n\t\t\t\t\t\t\t<sr7-bg id=\"SR7_1_1-4-2\" class=\"sr7-layer\"><noscript><img decoding=\"async\" src=\"https:\/\/maitrisecathedraletoulouse.org\/wp-content\/uploads\/2025\/03\/IMG_6893-scaled.jpg\" alt=\"\" title=\"IMG_6893\"><\/noscript><\/sr7-bg>\n\t\t\t\t\t\t\t<sr7-txt id=\"SR7_1_1-4-0\" class=\"sr7-layer\">Les Petits Chanteurs de la Ma\u00eetrise de la<br \/>\nCath\u00e9drale Saint-\u00c9tienne vous invitent \u00e0...<\/sr7-txt>\n\t\t\t\t\t\t\t<sr7-txt id=\"SR7_1_1-4-1\" class=\"sr7-layer\">Chanter avec eux\u00a0!<\/sr7-txt>\n\t\t\t\t\t\t<\/sr7-slide>\n\t\t\t\t\t\t<sr7-slide id=\"SR7_1_1-2\" data-key=\"2\">\n\t\t\t\t\t\t\t<sr7-bg id=\"SR7_1_1-2-2\" class=\"sr7-layer\"><noscript><img decoding=\"async\" src=\"https:\/\/maitrisecathedraletoulouse.org\/wp-content\/uploads\/2025\/03\/\u2022IMG_4765-scaled.jpg\" alt=\"\" title=\"\u2022IMG_4765\"><\/noscript><\/sr7-bg>\n\t\t\t\t\t\t\t<sr7-txt id=\"SR7_1_1-2-0\" class=\"sr7-layer\">Les Petits Chanteurs de la Ma\u00eetrise de la<br \/>\nCath\u00e9drale Saint-\u00c9tienne vous invitent \u00e0...<\/sr7-txt>\n\t\t\t\t\t\t\t<sr7-txt id=\"SR7_1_1-2-1\" class=\"sr7-layer\">Chanter avec eux\u00a0!<\/sr7-txt>\n\t\t\t\t\t\t<\/sr7-slide>\n\t\t\t\t\t\t<sr7-slide id=\"SR7_1_1-3\" data-key=\"3\">\n\t\t\t\t\t\t\t<sr7-bg id=\"SR7_1_1-3-2\" class=\"sr7-layer\"><noscript><img decoding=\"async\" src=\"https:\/\/maitrisecathedraletoulouse.org\/wp-content\/uploads\/2025\/03\/IMG_7347-scaled.jpg\" alt=\"\" title=\"IMG_7347\"><\/noscript><\/sr7-bg>\n\t\t\t\t\t\t\t<sr7-txt id=\"SR7_1_1-3-0\" class=\"sr7-layer\">Les Petits Chanteurs de la Ma\u00eetrise de la<br \/>\nCath\u00e9drale Saint-\u00c9tienne vous invitent \u00e0...<\/sr7-txt>\n\t\t\t\t\t\t\t<sr7-txt id=\"SR7_1_1-3-1\" class=\"sr7-layer\">Chanter avec eux\u00a0!<\/sr7-txt>\n\t\t\t\t\t\t<\/sr7-slide>\n\t\t\t\t\t\t<sr7-slide id=\"SR7_1_1-1\" data-key=\"1\">\n\t\t\t\t\t\t\t<sr7-bg id=\"SR7_1_1-1-2\" class=\"sr7-layer\"><noscript><img decoding=\"async\" src=\"https:\/\/maitrisecathedraletoulouse.org\/wp-content\/uploads\/2026\/01\/IMG-20251216-WA0003.jpg\" alt=\"\" title=\"IMG-20251216-WA0003\"><\/noscript><\/sr7-bg>\n\t\t\t\t\t\t\t<sr7-txt id=\"SR7_1_1-1-0\" class=\"sr7-layer\">Les Petits Chanteurs de la Ma\u00eetrise de la<br \/>\nCath\u00e9drale Saint-\u00c9tienne vous invitent \u00e0...<\/sr7-txt>\n\t\t\t\t\t\t\t<sr7-txt id=\"SR7_1_1-1-1\" class=\"sr7-layer\">Chanter avec eux !<\/sr7-txt>\n\t\t\t\t\t\t<\/sr7-slide>\n\t\t\t\t\t\t<sr7-slide id=\"SR7_1_1-7\" data-key=\"7\">\n\t\t\t\t\t\t<\/sr7-slide>\n\t\t\t\t\t<\/sr7-content>\n\t\t\t\t\t<image_lists style=\"display:none\">\n\t\t\t\t\t\t<img data-src=\"\/\/maitrisecathedraletoulouse.org\/wp-content\/uploads\/2026\/01\/IMG-20251216-WA0003.jpg\" data-libid=\"7811\" data-lib=\"medialibrary\" title=\"IMG-20251216-WA0003\" width=\"0\" height=\"0\" data-dbsrc=\"Ly9tYWl0cmlzZWNhdGhlZHJhbGV0b3Vsb3VzZS5vcmcvd3AtY29udGVudC91cGxvYWRzLzIwMjYvMDEvSU1HLTIwMjUxMjE2LVdBMDAwMy5qcGc=\"\/>\n\t\t\t\t\t\t<img data-src=\"\/\/maitrisecathedraletoulouse.org\/wp-content\/uploads\/2025\/03\/\u2022IMG_4765-scaled.jpg\" data-libid=\"1368\" data-lib=\"medialibrary\" title=\"\u2022IMG_4765\" width=\"0\" height=\"0\" data-dbsrc=\"Ly9tYWl0cmlzZWNhdGhlZHJhbGV0b3Vsb3VzZS5vcmcvd3AtY29udGVudC91cGxvYWRzLzIwMjUvMDMv4oCiSU1HXzQ3NjUtc2NhbGVkLmpwZw==\"\/>\n\t\t\t\t\t\t<img data-src=\"\/\/maitrisecathedraletoulouse.org\/wp-content\/uploads\/2025\/03\/IMG_7347-scaled.jpg\" data-libid=\"1651\" data-lib=\"medialibrary\" title=\"IMG_7347\" width=\"0\" height=\"0\" data-dbsrc=\"Ly9tYWl0cmlzZWNhdGhlZHJhbGV0b3Vsb3VzZS5vcmcvd3AtY29udGVudC91cGxvYWRzLzIwMjUvMDMvSU1HXzczNDctc2NhbGVkLmpwZw==\"\/>\n\t\t\t\t\t\t<img loading=\"lazy\" data-src=\"\/\/maitrisecathedraletoulouse.org\/wp-content\/uploads\/2025\/03\/IMG_6893-scaled.jpg\" data-libid=\"1777\" data-lib=\"medialibrary\" title=\"IMG_6893\" width=\"0\" height=\"0\" data-dbsrc=\"Ly9tYWl0cmlzZWNhdGhlZHJhbGV0b3Vsb3VzZS5vcmcvd3AtY29udGVudC91cGxvYWRzLzIwMjUvMDMvSU1HXzY4OTMtc2NhbGVkLmpwZw==\"\/>\n\t\t\t\t\t\t<img loading=\"lazy\" data-src=\"\/\/maitrisecathedraletoulouse.org\/wp-content\/uploads\/2026\/01\/20260118_111151-scaled.jpg\" data-libid=\"7763\" data-lib=\"medialibrary\" title=\"20260118_111151\" width=\"0\" height=\"0\" data-dbsrc=\"Ly9tYWl0cmlzZWNhdGhlZHJhbGV0b3Vsb3VzZS5vcmcvd3AtY29udGVudC91cGxvYWRzLzIwMjYvMDEvMjAyNjAxMThfMTExMTUxLXNjYWxlZC5qcGc=\"\/>\n\t\t\t\t\t<\/image_lists>\n\t\t\t\t<\/sr7-module>\n\t\t\t\t<script>\n\t\t\t\t\twindow.SR7 ??={};SR7.PMH ??={}; SR7.PMH[\"SR7_1_1\"] = {cn:100,state:false,fn: function() { if (window._tpt!==undefined && window._tpt.prepareModuleHeight !== undefined) {  _tpt.prepareModuleHeight({id:\"SR7_1_1\",el:[780,780,666,508,400],type:'standard',shdw:'0',gh:[780,780,666,508,400],gw:[1200,1200,1024,778,480],vpt:['-100px&#039;,&#039;-100px&#039;,&#039;-100px&#039;,&#039;-100px&#039;,&#039;-100px'],size:{fullWidth:true, fullHeight:false},mh:'0',onh:0,onw:0,bg:{color:'{\"type\":\"solid\",\"orig\":\"#000000\",\"string\":\"rgba(0, 0, 0, 1)\"}'}});   SR7.PMH[\"SR7_1_1\"].state=true;} else if(SR7.PMH[\"SR7_1_1\"].cn-->0)\tsetTimeout( SR7.PMH[\"SR7_1_1\"].fn,19);}};SR7.PMH[\"SR7_1_1\" ].fn();\n\t\t\t\t<\/script>\n<\/div>\n\n\t\t\t\t\t\t<\/div>\n\t\t\t\t<\/div>\n\t\t\t\t\t<\/div>\n\t\t<\/div>\n\t\t\t\t\t<\/div>\n\t\t<\/div>\n\t\t\t\t<div class=\"elementor-section elementor-top-section elementor-element elementor-element-cfc96d3 elementor-section-boxed elementor-section-height-default elementor-section-height-default\" data-id=\"cfc96d3\" data-element_type=\"section\" data-e-type=\"section\">\n\t\t\t\t\t\t<div class=\"elementor-container elementor-column-gap-default\">\n\t\t\t\t\t<div class=\"elementor-column elementor-col-100 elementor-top-column elementor-element elementor-element-2b1a76a\" data-id=\"2b1a76a\" data-element_type=\"column\" data-e-type=\"column\">\n\t\t\t<div class=\"elementor-widget-wrap elementor-element-populated\">\n\t\t\t\t\t\t<section class=\"elementor-section elementor-inner-section elementor-element elementor-element-76c9f4c elementor-section-boxed elementor-section-height-default elementor-section-height-default\" data-id=\"76c9f4c\" data-element_type=\"section\" data-e-type=\"section\">\n\t\t\t\t\t\t<div class=\"elementor-container elementor-column-gap-default\">\n\t\t\t\t\t<div class=\"elementor-column elementor-col-33 elementor-inner-column elementor-element elementor-element-c987aac\" data-id=\"c987aac\" data-element_type=\"column\" data-e-type=\"column\" data-settings=\"{&quot;background_background&quot;:&quot;classic&quot;}\">\n\t\t\t<div class=\"elementor-widget-wrap elementor-element-populated\">\n\t\t\t\t\t\t<div class=\"elementor-element elementor-element-d52cf32 elementor-position-inline-start elementor-mobile-position-inline-start elementor-view-default elementor-invisible elementor-widget elementor-widget-icon-box\" data-id=\"d52cf32\" data-element_type=\"widget\" data-e-type=\"widget\" data-settings=\"{&quot;_animation&quot;:&quot;fadeInDown&quot;}\" data-widget_type=\"icon-box.default\">\n\t\t\t\t<div class=\"elementor-widget-container\">\n\t\t\t\t\t\t\t<div class=\"elementor-icon-box-wrapper\">\n\n\t\t\t\t\t\t<div class=\"elementor-icon-box-icon\">\n\t\t\t\t<span  class=\"elementor-icon elementor-animation-float\">\n\t\t\t\t<svg aria-hidden=\"true\" class=\"e-font-icon-svg e-fas-school\" viewBox=\"0 0 640 512\" xmlns=\"http:\/\/www.w3.org\/2000\/svg\"><path d=\"M0 224v272c0 8.84 7.16 16 16 16h80V192H32c-17.67 0-32 14.33-32 32zm360-48h-24v-40c0-4.42-3.58-8-8-8h-16c-4.42 0-8 3.58-8 8v64c0 4.42 3.58 8 8 8h48c4.42 0 8-3.58 8-8v-16c0-4.42-3.58-8-8-8zm137.75-63.96l-160-106.67a32.02 32.02 0 0 0-35.5 0l-160 106.67A32.002 32.002 0 0 0 128 138.66V512h128V368c0-8.84 7.16-16 16-16h96c8.84 0 16 7.16 16 16v144h128V138.67c0-10.7-5.35-20.7-14.25-26.63zM320 256c-44.18 0-80-35.82-80-80s35.82-80 80-80 80 35.82 80 80-35.82 80-80 80zm288-64h-64v320h80c8.84 0 16-7.16 16-16V224c0-17.67-14.33-32-32-32z\"><\/path><\/svg>\t\t\t\t<\/span>\n\t\t\t<\/div>\n\t\t\t\n\t\t\t\t\t\t<div class=\"elementor-icon-box-content\">\n\n\t\t\t\t\t\t\t\t\t<h3 class=\"elementor-icon-box-title\">\n\t\t\t\t\t\t<span  >\n\t\t\t\t\t\t\tTraining young singers\t\t\t\t\t\t<\/span>\n\t\t\t\t\t<\/h3>\n\t\t\t\t\n\t\t\t\t\t\t\t\t\t<p class=\"elementor-icon-box-description\">\n\t\t\t\t\t\tThe Ma\u00eetrise provides choral training for boys and girls aged 8 to 18, with rehearsals every Wednesday and one Saturday a month on the cathedral's premises.\t\t\t\t\t<\/p>\n\t\t\t\t\n\t\t\t<\/div>\n\t\t\t\n\t\t<\/div>\n\t\t\t\t\t\t<\/div>\n\t\t\t\t<\/div>\n\t\t\t\t\t<\/div>\n\t\t<\/div>\n\t\t\t\t<div class=\"elementor-column elementor-col-33 elementor-inner-column elementor-element elementor-element-f7dfe03\" data-id=\"f7dfe03\" data-element_type=\"column\" data-e-type=\"column\" data-settings=\"{&quot;background_background&quot;:&quot;classic&quot;}\">\n\t\t\t<div class=\"elementor-widget-wrap elementor-element-populated\">\n\t\t\t\t\t\t<div class=\"elementor-element elementor-element-dee690b elementor-position-inline-start elementor-mobile-position-inline-start elementor-view-default elementor-invisible elementor-widget elementor-widget-icon-box\" data-id=\"dee690b\" data-element_type=\"widget\" data-e-type=\"widget\" data-settings=\"{&quot;_animation&quot;:&quot;fadeInDown&quot;}\" data-widget_type=\"icon-box.default\">\n\t\t\t\t<div class=\"elementor-widget-container\">\n\t\t\t\t\t\t\t<div class=\"elementor-icon-box-wrapper\">\n\n\t\t\t\t\t\t<div class=\"elementor-icon-box-icon\">\n\t\t\t\t<span  class=\"elementor-icon elementor-animation-float\">\n\t\t\t\t<svg aria-hidden=\"true\" class=\"e-font-icon-svg e-fas-plane-departure\" viewBox=\"0 0 640 512\" xmlns=\"http:\/\/www.w3.org\/2000\/svg\"><path d=\"M624 448H16c-8.84 0-16 7.16-16 16v32c0 8.84 7.16 16 16 16h608c8.84 0 16-7.16 16-16v-32c0-8.84-7.16-16-16-16zM80.55 341.27c6.28 6.84 15.1 10.72 24.33 10.71l130.54-.18a65.62 65.62 0 0 0 29.64-7.12l290.96-147.65c26.74-13.57 50.71-32.94 67.02-58.31 18.31-28.48 20.3-49.09 13.07-63.65-7.21-14.57-24.74-25.27-58.25-27.45-29.85-1.94-59.54 5.92-86.28 19.48l-98.51 49.99-218.7-82.06a17.799 17.799 0 0 0-18-1.11L90.62 67.29c-10.67 5.41-13.25 19.65-5.17 28.53l156.22 98.1-103.21 52.38-72.35-36.47a17.804 17.804 0 0 0-16.07.02L9.91 230.22c-10.44 5.3-13.19 19.12-5.57 28.08l76.21 82.97z\"><\/path><\/svg>\t\t\t\t<\/span>\n\t\t\t<\/div>\n\t\t\t\n\t\t\t\t\t\t<div class=\"elementor-icon-box-content\">\n\n\t\t\t\t\t\t\t\t\t<h3 class=\"elementor-icon-box-title\">\n\t\t\t\t\t\t<span  >\n\t\t\t\t\t\t\tTouring for concerts and conferences\t\t\t\t\t\t<\/span>\n\t\t\t\t\t<\/h3>\n\t\t\t\t\n\t\t\t\t\t\t\t\t\t<p class=\"elementor-icon-box-description\">\n\t\t\t\t\t\tThe choir gives around ten concerts during the school year. The season is also punctuated by a number of training courses and a summer tour, plus events at retirement homes, hospitals, etc.\t\t\t\t\t<\/p>\n\t\t\t\t\n\t\t\t<\/div>\n\t\t\t\n\t\t<\/div>\n\t\t\t\t\t\t<\/div>\n\t\t\t\t<\/div>\n\t\t\t\t\t<\/div>\n\t\t<\/div>\n\t\t\t\t<div class=\"elementor-column elementor-col-33 elementor-inner-column elementor-element elementor-element-37d0117\" data-id=\"37d0117\" data-element_type=\"column\" data-e-type=\"column\" data-settings=\"{&quot;background_background&quot;:&quot;classic&quot;}\">\n\t\t\t<div class=\"elementor-widget-wrap elementor-element-populated\">\n\t\t\t\t\t\t<div class=\"elementor-element elementor-element-8d57e77 elementor-position-inline-start elementor-mobile-position-inline-start elementor-view-default elementor-invisible elementor-widget elementor-widget-icon-box\" data-id=\"8d57e77\" data-element_type=\"widget\" data-e-type=\"widget\" data-settings=\"{&quot;_animation&quot;:&quot;fadeInDown&quot;}\" data-widget_type=\"icon-box.default\">\n\t\t\t\t<div class=\"elementor-widget-container\">\n\t\t\t\t\t\t\t<div class=\"elementor-icon-box-wrapper\">\n\n\t\t\t\t\t\t<div class=\"elementor-icon-box-icon\">\n\t\t\t\t<span  class=\"elementor-icon elementor-animation-float\">\n\t\t\t\t<svg aria-hidden=\"true\" class=\"e-font-icon-svg e-fas-church\" viewBox=\"0 0 640 512\" xmlns=\"http:\/\/www.w3.org\/2000\/svg\"><path d=\"M464.46 246.68L352 179.2V128h48c8.84 0 16-7.16 16-16V80c0-8.84-7.16-16-16-16h-48V16c0-8.84-7.16-16-16-16h-32c-8.84 0-16 7.16-16 16v48h-48c-8.84 0-16 7.16-16 16v32c0 8.84 7.16 16 16 16h48v51.2l-112.46 67.48A31.997 31.997 0 0 0 160 274.12V512h96v-96c0-35.35 28.65-64 64-64s64 28.65 64 64v96h96V274.12c0-11.24-5.9-21.66-15.54-27.44zM0 395.96V496c0 8.84 7.16 16 16 16h112V320L19.39 366.54A32.024 32.024 0 0 0 0 395.96zm620.61-29.42L512 320v192h112c8.84 0 16-7.16 16-16V395.96c0-12.8-7.63-24.37-19.39-29.42z\"><\/path><\/svg>\t\t\t\t<\/span>\n\t\t\t<\/div>\n\t\t\t\n\t\t\t\t\t\t<div class=\"elementor-icon-box-content\">\n\n\t\t\t\t\t\t\t\t\t<h3 class=\"elementor-icon-box-title\">\n\t\t\t\t\t\t<span  >\n\t\t\t\t\t\t\tMass and ceremony entertainment\t\t\t\t\t\t<\/span>\n\t\t\t\t\t<\/h3>\n\t\t\t\t\n\t\t\t\t\t\t\t\t\t<p class=\"elementor-icon-box-description\">\n\t\t\t\t\t\tThe Ma\u00eetrise regularly performs at Sunday masses at Saint-Etienne Cathedral, as well as at ceremonies (weddings, christenings, etc.) around the cathedral.\t\t\t\t\t<\/p>\n\t\t\t\t\n\t\t\t<\/div>\n\t\t\t\n\t\t<\/div>\n\t\t\t\t\t\t<\/div>\n\t\t\t\t<\/div>\n\t\t\t\t\t<\/div>\n\t\t<\/div>\n\t\t\t\t\t<\/div>\n\t\t<\/section>\n\t\t\t\t\t<\/div>\n\t\t<\/div>\n\t\t\t\t\t<\/div>\n\t\t<\/div>\n\t\t\t\t<section class=\"elementor-section elementor-top-section elementor-element elementor-element-8e584d8 elementor-section-boxed elementor-section-height-default elementor-section-height-default\" data-id=\"8e584d8\" data-element_type=\"section\" data-e-type=\"section\">\n\t\t\t\t\t\t<div class=\"elementor-container elementor-column-gap-default\">\n\t\t\t\t\t<div class=\"elementor-column elementor-col-100 elementor-top-column elementor-element elementor-element-2042f02\" data-id=\"2042f02\" data-element_type=\"column\" data-e-type=\"column\">\n\t\t\t<div class=\"elementor-widget-wrap elementor-element-populated\">\n\t\t\t\t\t\t<div class=\"elementor-element elementor-element-f32cd95 elementor-widget elementor-widget-heading\" data-id=\"f32cd95\" data-element_type=\"widget\" data-e-type=\"widget\" data-widget_type=\"heading.default\">\n\t\t\t\t<div class=\"elementor-widget-container\">\n\t\t\t\t\t<h3 class=\"elementor-heading-title elementor-size-default\">Our mission<\/h3>\t\t\t\t<\/div>\n\t\t\t\t<\/div>\n\t\t\t\t<section class=\"elementor-section elementor-inner-section elementor-element elementor-element-1926c7b elementor-section-boxed elementor-section-height-default elementor-section-height-default\" data-id=\"1926c7b\" data-element_type=\"section\" data-e-type=\"section\">\n\t\t\t\t\t\t<div class=\"elementor-container elementor-column-gap-default\">\n\t\t\t\t\t<div class=\"elementor-column elementor-col-50 elementor-inner-column elementor-element elementor-element-f897bf6\" data-id=\"f897bf6\" data-element_type=\"column\" data-e-type=\"column\">\n\t\t\t<div class=\"elementor-widget-wrap elementor-element-populated\">\n\t\t\t\t\t\t<div class=\"elementor-element elementor-element-121ecef elementor-widget elementor-widget-text-editor\" data-id=\"121ecef\" data-element_type=\"widget\" data-e-type=\"widget\" data-widget_type=\"text-editor.default\">\n\t\t\t\t<div class=\"elementor-widget-container\">\n\t\t\t\t\t\t\t\t\t<p><strong>The Ma\u00eetrise de la Cath\u00e9drale Saint-\u00c9tienne de Toulouse, founded in 1936 by Abb\u00e9 G. Rey, has been pursuing its mission of education, choral training and the dissemination of musical works to a wide audience for 90 years. <\/strong><strong>education, training in choral singing and the dissemination of musical works to a wide audience.<\/strong><\/p><p><strong>On this site you&#8217;ll find information on the life of the Ma\u00eetrise, its history, news, musical direction and repertoire, with sound extracts and videos. <\/strong><strong>its musical repertoire with sound and video extracts.<\/strong><\/p>\t\t\t\t\t\t\t\t<\/div>\n\t\t\t\t<\/div>\n\t\t\t\t\t<\/div>\n\t\t<\/div>\n\t\t\t\t<div class=\"elementor-column elementor-col-50 elementor-inner-column elementor-element elementor-element-37b14e3\" data-id=\"37b14e3\" data-element_type=\"column\" data-e-type=\"column\">\n\t\t\t<div class=\"elementor-widget-wrap elementor-element-populated\">\n\t\t\t\t\t\t<div class=\"elementor-element elementor-element-a40bc9d elementor-widget elementor-widget-image\" data-id=\"a40bc9d\" data-element_type=\"widget\" data-e-type=\"widget\" data-widget_type=\"image.default\">\n\t\t\t\t<div class=\"elementor-widget-container\">\n\t\t\t\t\t\t\t\t\t\t\t\t\t\t\t<img loading=\"lazy\" decoding=\"async\" width=\"1024\" height=\"768\" src=\"https:\/\/maitrisecathedraletoulouse.org\/wp-content\/uploads\/2025\/03\/20241215_165854-1024x768.jpg\" class=\"attachment-large size-large wp-image-4336\" alt=\"\" srcset=\"https:\/\/maitrisecathedraletoulouse.org\/wp-content\/uploads\/2025\/03\/20241215_165854-1024x768.jpg 1024w, https:\/\/maitrisecathedraletoulouse.org\/wp-content\/uploads\/2025\/03\/20241215_165854-300x225.jpg 300w, https:\/\/maitrisecathedraletoulouse.org\/wp-content\/uploads\/2025\/03\/20241215_165854-768x576.jpg 768w, https:\/\/maitrisecathedraletoulouse.org\/wp-content\/uploads\/2025\/03\/20241215_165854-1536x1152.jpg 1536w, https:\/\/maitrisecathedraletoulouse.org\/wp-content\/uploads\/2025\/03\/20241215_165854-2048x1536.jpg 2048w\" sizes=\"(max-width: 1024px) 100vw, 1024px\" \/>\t\t\t\t\t\t\t\t\t\t\t\t\t\t\t<\/div>\n\t\t\t\t<\/div>\n\t\t\t\t\t<\/div>\n\t\t<\/div>\n\t\t\t\t\t<\/div>\n\t\t<\/section>\n\t\t\t\t<div class=\"elementor-element elementor-element-5159fde elementor-widget elementor-widget-spacer\" data-id=\"5159fde\" data-element_type=\"widget\" data-e-type=\"widget\" data-widget_type=\"spacer.default\">\n\t\t\t\t<div class=\"elementor-widget-container\">\n\t\t\t\t\t\t\t<div class=\"elementor-spacer\">\n\t\t\t<div class=\"elementor-spacer-inner\"><\/div>\n\t\t<\/div>\n\t\t\t\t\t\t<\/div>\n\t\t\t\t<\/div>\n\t\t\t\t<div class=\"elementor-element elementor-element-b988331 elementor-align-center elementor-widget elementor-widget-button\" data-id=\"b988331\" data-element_type=\"widget\" data-e-type=\"widget\" data-widget_type=\"button.default\">\n\t\t\t\t<div class=\"elementor-widget-container\">\n\t\t\t\t\t\t\t\t\t<div class=\"elementor-button-wrapper\">\n\t\t\t\t\t<a class=\"elementor-button elementor-button-link elementor-size-sm\" href=\"\/nouvelles\">\n\t\t\t\t\t\t<span class=\"elementor-button-content-wrapper\">\n\t\t\t\t\t\t<span class=\"elementor-button-icon\">\n\t\t\t\t<svg aria-hidden=\"true\" class=\"e-font-icon-svg e-fas-newspaper\" viewBox=\"0 0 576 512\" xmlns=\"http:\/\/www.w3.org\/2000\/svg\"><path d=\"M552 64H88c-13.255 0-24 10.745-24 24v8H24c-13.255 0-24 10.745-24 24v272c0 30.928 25.072 56 56 56h472c26.51 0 48-21.49 48-48V88c0-13.255-10.745-24-24-24zM56 400a8 8 0 0 1-8-8V144h16v248a8 8 0 0 1-8 8zm236-16H140c-6.627 0-12-5.373-12-12v-8c0-6.627 5.373-12 12-12h152c6.627 0 12 5.373 12 12v8c0 6.627-5.373 12-12 12zm208 0H348c-6.627 0-12-5.373-12-12v-8c0-6.627 5.373-12 12-12h152c6.627 0 12 5.373 12 12v8c0 6.627-5.373 12-12 12zm-208-96H140c-6.627 0-12-5.373-12-12v-8c0-6.627 5.373-12 12-12h152c6.627 0 12 5.373 12 12v8c0 6.627-5.373 12-12 12zm208 0H348c-6.627 0-12-5.373-12-12v-8c0-6.627 5.373-12 12-12h152c6.627 0 12 5.373 12 12v8c0 6.627-5.373 12-12 12zm0-96H140c-6.627 0-12-5.373-12-12v-40c0-6.627 5.373-12 12-12h360c6.627 0 12 5.373 12 12v40c0 6.627-5.373 12-12 12z\"><\/path><\/svg>\t\t\t<\/span>\n\t\t\t\t\t\t\t\t\t<span class=\"elementor-button-text\">Latest News<\/span>\n\t\t\t\t\t<\/span>\n\t\t\t\t\t<\/a>\n\t\t\t\t<\/div>\n\t\t\t\t\t\t\t\t<\/div>\n\t\t\t\t<\/div>\n\t\t\t\t<div class=\"elementor-element elementor-element-0979b8b elementor-widget elementor-widget-spacer\" data-id=\"0979b8b\" data-element_type=\"widget\" data-e-type=\"widget\" data-widget_type=\"spacer.default\">\n\t\t\t\t<div class=\"elementor-widget-container\">\n\t\t\t\t\t\t\t<div class=\"elementor-spacer\">\n\t\t\t<div class=\"elementor-spacer-inner\"><\/div>\n\t\t<\/div>\n\t\t\t\t\t\t<\/div>\n\t\t\t\t<\/div>\n\t\t\t\t\t<\/div>\n\t\t<\/div>\n\t\t\t\t\t<\/div>\n\t\t<\/section>\n\t\t\t\t<\/div>\n\t\t","protected":false},"excerpt":{"rendered":"<p>La Ma\u00eetrise de la Cath\u00e9drale en concert \u00e0 la Chapelle Saint-Anne de Toulouse le 14 juin 2025 Animation de la Messe \u00e0 la Cath\u00e9drale Saint-Etienne le 25 mai 2025 La Ma\u00eetrise de la Cath\u00e9drale de Lyon en concert \u00e0 Toulouse le 5 mai 2025 Congr\u00e8s International des Pueri Cantores, juillet 2025 \u00e0 Munich Training young&#8230;<\/p>\n","protected":false},"author":1,"featured_media":0,"parent":0,"menu_order":0,"comment_status":"closed","ping_status":"closed","template":"","meta":{"_kad_post_transparent":"","_kad_post_title":"hide","_kad_post_layout":"","_kad_post_sidebar_id":"","_kad_post_content_style":"unboxed","_kad_post_vertical_padding":"hide","_kad_post_feature":"hide","_kad_post_feature_position":"","_kad_post_header":false,"_kad_post_footer":false,"_mc_calendar":[],"footnotes":""},"folder":[],"class_list":["post-4468","page","type-page","status-publish","hentry"],"_links":{"self":[{"href":"https:\/\/maitrisecathedraletoulouse.org\/en\/wp-json\/wp\/v2\/pages\/4468","targetHints":{"allow":["GET"]}}],"collection":[{"href":"https:\/\/maitrisecathedraletoulouse.org\/en\/wp-json\/wp\/v2\/pages"}],"about":[{"href":"https:\/\/maitrisecathedraletoulouse.org\/en\/wp-json\/wp\/v2\/types\/page"}],"author":[{"embeddable":true,"href":"https:\/\/maitrisecathedraletoulouse.org\/en\/wp-json\/wp\/v2\/users\/1"}],"replies":[{"embeddable":true,"href":"https:\/\/maitrisecathedraletoulouse.org\/en\/wp-json\/wp\/v2\/comments?post=4468"}],"version-history":[{"count":0,"href":"https:\/\/maitrisecathedraletoulouse.org\/en\/wp-json\/wp\/v2\/pages\/4468\/revisions"}],"wp:attachment":[{"href":"https:\/\/maitrisecathedraletoulouse.org\/en\/wp-json\/wp\/v2\/media?parent=4468"}],"wp:term":[{"taxonomy":"folder","embeddable":true,"href":"https:\/\/maitrisecathedraletoulouse.org\/en\/wp-json\/wp\/v2\/folder?post=4468"}],"curies":[{"name":"wp","href":"https:\/\/api.w.org\/{rel}","templated":true}]}}